{"id":36,"date":"2020-02-29T14:56:18","date_gmt":"2020-02-29T14:56:18","guid":{"rendered":"http:\/\/fahrschulerink.de\/?page_id=36"},"modified":"2024-01-18T09:07:04","modified_gmt":"2024-01-18T09:07:04","slug":"impressum","status":"publish","type":"page","link":"https:\/\/fahrschulerink.de\/?page_id=36","title":{"rendered":"Impressum"},"content":{"rendered":"\n<p style=\"color:#edff21\" class=\"has-text-color has-large-font-size\"><p style=\"color:#edff21\" class=\"has-text-color has-large-font-size\"><strong>Impressum<\/strong><\/p>\n<br><\/p>\n\n\n\n<p style=\"color:#edff21\" class=\"has-text-color has-medium-font-size\">Angaben gem\u00e4\u00df \u00a7 5 TMG<\/p>\n<br>\n\n\n\n<div class=\"wp-block-group\"><div class=\"wp-block-group__inner-container is-layout-flow wp-block-group-is-layout-flow\">\n<p style=\"color:#edff21\" class=\"has-text-color has-medium-font-size\"><strong><u>Anschrift<\/u><\/strong><\/p><p style=\"color:#edff21\" class=\"has-text-color has-medium-font-size\">Fahrschule Rink<br>K\u00f6nigsstra\u00dfe 38<br>57334 Bad Laasphe<\/p>\n<br>\n<\/div><\/div>\n\n\n\n\n\n<p style=\"color:#edff21\" class=\"has-text-color has-medium-font-size\"><strong><u>Gesch\u00e4ftsinhaber<\/u><\/strong><br>Sebastian Rink<\/p><br>\n\n\n\n<p style=\"color:#edff21\" class=\"has-text-color has-medium-font-size\"><p style=\"color:#edff21\" class=\"has-text-color has-medium-font-size\"><strong><u>Kontakt<\/u><\/strong><br>Handy 0171\/3837602<br>Telefon 06465\/927593<br>sebastian@fahrschule-rink.de<\/p><br><\/p>\n\n\n\n<p style=\"color:#edff21\" class=\"has-text-color has-medium-font-size\"><strong><u>Steuernummer<\/u><\/strong><br>342\/5249\/3305<\/p><br>\n\n\n\n<p class=\"has-medium-font-size has-text-color\" style=\"color:#edff21\"><strong><u>Aufsichtsbeh\u00f6rde<\/u><\/strong><br>Kreis Siegen-Wittenstein<br>Frau Schmidt<br>Koblenzerstra\u00dfe 73<br>57069 Siegen <\/p>\n\n\n\n<br><br><p style=\"color:#edff21\" class=\"has-text-color\"><strong><u>Streitschlichtung<\/u><\/strong><\/p>\n\n\n\n<p class=\"has-text-color\" style=\"color:#edff21\">Die Europ\u00e4ische Kommission stellt eine Plattform zur Online-Streitbeilegung (OS) bereit:&nbsp;<a href=\"https:\/\/ec.europa.eu\/consumers\/odr\" target=\"_blank\" rel=\"noreferrer noopener\">https:\/\/ec.europa.eu\/consumers\/odr<\/a>.<br>Unsere E-Mail-Adresse finden Sie oben im Impressum.<\/p>\n\n\n\n<p class=\"has-text-color\" style=\"color:#edff21\">Wir sind nicht bereit oder verpflichtet, an Streitbeilegungsverfahren vor einer Verbraucherschlichtungsstelle teilzunehmen.<\/p>\n\n\n\n<br><p style=\"color:#edff21\" class=\"has-text-color\"><strong><u>Haftung f\u00fcr Inhalte<\/u><\/strong><\/p>\n\n\n\n<p class=\"has-text-color\" style=\"color:#edff21\">Die Inhalte unserer Seiten wurden mit gr\u00f6\u00dfter Sorgfalt erstellt. F\u00fcr die Richtigkeit, Vollst\u00e4ndigkeit und Aktualit\u00e4t der Inhalte k\u00f6nnen wir jedoch keine Gew\u00e4hr \u00fcbernehmen. Als Diensteanbieter sind wir gem\u00e4\u00df \u00a7 7 Abs.1 TMG f\u00fcr eigene Inhalte auf diesen Seiten nach den allgemeinen Gesetzen verantwortlich. Nach \u00a7\u00a7 8 bis 10 TMG sind wir als Diensteanbieter jedoch nicht verpflichtet, \u00fcbermittelte oder gespeicherte fremde Informationen zu \u00fcberwachen oder nach Umst\u00e4nden zu forschen, die auf eine rechtswidrige T\u00e4tigkeit hinweisen. Verpflichtungen zur Entfernung oder Sperrung der Nutzung von Informationen nach den allgemeinen Gesetzen bleiben hiervon unber\u00fchrt. Eine diesbez\u00fcgliche Haftung ist jedoch erst ab dem Zeitpunkt der Kenntnis einer konkreten Rechtsverletzung m\u00f6glich. Bei Bekanntwerden von entsprechenden Rechtsverletzungen werden wir diese Inhalte umgehend entfernen.<\/p>\n\n\n\n<p style=\"color:#edff21\" class=\"has-text-color\"><br><p style=\"color:#edff21\" class=\"has-text-color\"><strong><u>Haftung f\u00fcr Links<\/u><\/strong><\/p><\/p>\n\n\n\n<p class=\"has-text-color\" style=\"color:#edff21\">Unser Angebot enth\u00e4lt Links zu externen Webseiten Dritter, auf deren Inhalte wir keinen Einfluss haben. Deshalb k\u00f6nnen wir f\u00fcr diese fremden Inhalte auch keine Gew\u00e4hr \u00fcbernehmen. F\u00fcr die Inhalte der verlinkten Seiten ist stets der jeweilige Anbieter oder Betreiber der Seiten verantwortlich. Die verlinkten Seiten wurden zum Zeitpunkt der Verlinkung auf m\u00f6gliche Rechtsverst\u00f6\u00dfe \u00fcberpr\u00fcft. Rechtswidrige Inhalte waren zum Zeitpunkt der Verlinkung nicht erkennbar. Eine permanente inhaltliche Kontrolle der verlinkten Seiten ist jedoch ohne konkrete Anhaltspunkte einer Rechtsverletzung nicht zumutbar. Bei Bekanntwerden von Rechtsverletzungen werden wir derartige Links umgehend entfernen.<\/p>\n\n\n\n<br><p style=\"color:#edff21\" class=\"has-text-color\"><strong><u>Urheberrecht<\/u><\/strong><\/p>\n\n\n\n<p class=\"has-text-color\" style=\"color:#edff21\">Die durch die Seitenbetreiber erstellten Inhalte und Werke auf diesen Seiten unterliegen dem deutschen Urheberrecht. Die Vervielf\u00e4ltigung, Bearbeitung, Verbreitung und jede Art der Verwertung au\u00dferhalb der Grenzen des Urheberrechtes bed\u00fcrfen der schriftlichen Zustimmung des jeweiligen Autors bzw. Erstellers. Downloads und Kopien dieser Seite sind nur f\u00fcr den privaten, nicht kommerziellen Gebrauch gestattet. Soweit die Inhalte auf dieser Seite nicht vom Betreiber erstellt wurden, werden die Urheberrechte Dritter beachtet. Insbesondere werden Inhalte Dritter als solche gekennzeichnet. Sollten Sie trotzdem auf eine Urheberrechtsverletzung aufmerksam werden, bitten wir um einen entsprechenden Hinweis. Bei Bekanntwerden von Rechtsverletzungen werden wir derartige Inhalte umgehend entfernen.<\/p>\n","protected":false},"excerpt":{"rendered":"<p>Impressum Angaben gem\u00e4\u00df \u00a7 5 TMG Anschrift Fahrschule RinkK\u00f6nigsstra\u00dfe 3857334 Bad Laasphe Gesch\u00e4ftsinhaberSebastian Rink KontaktHandy 0171\/3837602Telefon 06465\/927593sebastian@fahrschule-rink.de Steuernummer342\/5249\/3305 Aufsichtsbeh\u00f6rdeKreis Siegen-WittensteinFrau SchmidtKoblenzerstra\u00dfe 7357069 Siegen Streitschlichtung Die Europ\u00e4ische Kommission stellt eine Plattform &hellip;<\/p>\n","protected":false},"author":1,"featured_media":0,"parent":0,"menu_order":0,"comment_status":"closed","ping_status":"closed","template":"","meta":{"footnotes":""},"class_list":["post-36","page","type-page","status-publish","hentry"],"_links":{"self":[{"href":"https:\/\/fahrschulerink.de\/index.php?rest_route=\/wp\/v2\/pages\/36","targetHints":{"allow":["GET"]}}],"collection":[{"href":"https:\/\/fahrschulerink.de\/index.php?rest_route=\/wp\/v2\/pages"}],"about":[{"href":"https:\/\/fahrschulerink.de\/index.php?rest_route=\/wp\/v2\/types\/page"}],"author":[{"embeddable":true,"href":"https:\/\/fahrschulerink.de\/index.php?rest_route=\/wp\/v2\/users\/1"}],"replies":[{"embeddable":true,"href":"https:\/\/fahrschulerink.de\/index.php?rest_route=%2Fwp%2Fv2%2Fcomments&post=36"}],"version-history":[{"count":38,"href":"https:\/\/fahrschulerink.de\/index.php?rest_route=\/wp\/v2\/pages\/36\/revisions"}],"predecessor-version":[{"id":682,"href":"https:\/\/fahrschulerink.de\/index.php?rest_route=\/wp\/v2\/pages\/36\/revisions\/682"}],"wp:attachment":[{"href":"https:\/\/fahrschulerink.de\/index.php?rest_route=%2Fwp%2Fv2%2Fmedia&parent=36"}],"curies":[{"name":"wp","href":"https:\/\/api.w.org\/{rel}","templated":true}]}}