{"id":361,"date":"2020-05-03T13:15:09","date_gmt":"2020-05-03T13:15:09","guid":{"rendered":"http:\/\/fahrschulerink.de\/?page_id=361"},"modified":"2020-05-03T15:16:08","modified_gmt":"2020-05-03T15:16:08","slug":"2-rad","status":"publish","type":"page","link":"https:\/\/fahrschulerink.de\/?page_id=361","title":{"rendered":"2-Rad"},"content":{"rendered":"\n<div class=\"wp-block-group\"><div class=\"wp-block-group__inner-container is-layout-flow wp-block-group-is-layout-flow\">\n<div class=\"wp-block-image\"><figure class=\"aligncenter size-large\"><img loading=\"lazy\" decoding=\"async\" width=\"100\" height=\"78\" src=\"https:\/\/fahrschulerink.de\/wp-content\/uploads\/2020\/05\/fahrerlaubnisklasse-am.jpg\" alt=\"KLasse AM\" class=\"wp-image-389\"\/><figcaption><span style=\"color:#edff21\" class=\"has-inline-color\">Klasse AM<\/span><\/figcaption><\/figure><\/div>\n<\/div><\/div>\n\n\n<p><span style=\"color: #ffff00;\"><strong>Leichte zweir\u00e4drige Kleinkraftr\u00e4der der Klasse L1e-B (Mopeds<\/strong>) mit<\/span><\/p>\n<ul>\n<li><span style=\"color: #ffff00;\">bauartbedingter H\u00f6chstgeschwindigkeit bis 45&nbsp;<abbr title=\"Kilometer pro Stunde\">km\/h<\/abbr>&nbsp;und<\/span><\/li>\n<li><span style=\"color: #ffff00;\">einem Verbrennungsmotor mit einem Hubraum von nicht mehr als 50&nbsp;<abbr title=\"Kubikzentimeter\">cm\u00b3<\/abbr>&nbsp;und<\/span><\/li>\n<li><span style=\"color: #ffff00;\">einer maximalen Nenndauerleistung im Falle von Elektromotoren oder einer maximalen Nutzleistung bei anderen Verbrennungsmotoren bis zu 4 kW<\/span><\/li>\n<\/ul>\n<p><span style=\"color: #ffff00;\"><strong>Dreir\u00e4drige Kleinkraftr\u00e4der<\/strong>&nbsp;der Klasse L2e mit<\/span><\/p>\n<ul>\n<li><span style=\"color: #ffff00;\">bauartbedingter H\u00f6chstgeschwindigkeit von nicht mehr als 45&nbsp;<abbr title=\"Kilometer pro Stunde\">km\/h<\/abbr>&nbsp;und<\/span><\/li>\n<li><span style=\"color: #ffff00;\">Hubraum von nicht mehr als 50&nbsp;<abbr title=\"Kubikzentimeter\">cm\u00b3<\/abbr>&nbsp;(bei Fremdz\u00fcndungsmotoren) oder von nicht mehr als 500 cm3 (bei Selbstz\u00fcndungsmotoren) und<\/span><\/li>\n<li><span style=\"color: #ffff00;\">einer maximalen Nenndauerleistung im Falle von Elektromotoren oder einer maximalen Nutzleistung bei anderen Verbrennungsmotoren bis zu 4&nbsp;<abbr title=\"Kilowatt\">kW<\/abbr>&nbsp;und<\/span><\/li>\n<li><span style=\"color: #ffff00;\">einer Masse in fahrbereitem Zustand \u2264 270 kg und<\/span><\/li>\n<li><span style=\"color: #ffff00;\">h\u00f6chstens zwei Sitzpl\u00e4tzen einschl. Fahrersitz<\/span><\/li>\n<\/ul>\n<p><span style=\"color: #ffff00;\"><strong>Leichte vierr\u00e4drige Leichtkraftfahrzeuge<\/strong>&nbsp;der Klasse L6e mit<\/span><\/p>\n<ul>\n<li><span style=\"color: #ffff00;\">bauartbedingter H\u00f6chstgeschwindigkeit von nicht mehr als 45&nbsp;<abbr title=\"Kilometer pro Stunde\">km\/h<\/abbr>&nbsp;und<\/span><\/li>\n<li><span style=\"color: #ffff00;\">Hubraum von nicht mehr als 50&nbsp;<abbr title=\"Kubikzentimeter\">cm\u00b3<\/abbr>&nbsp;(bei Fremdz\u00fcndungsmotoren) oder von nicht mehr als 500&nbsp;<abbr title=\"Kubikzentimeter\">cm\u00b3<\/abbr>&nbsp;(bei Selbstz\u00fcndungsmotoren) und<\/span><\/li>\n<li><span style=\"color: #ffff00;\">einer maximalen Nenndauerleistung im Falle von Elektromotoren oder einer maximalen Nutzleistung bei anderen Verbrennungsmotoren bis zu 4&nbsp;<abbr title=\"Kilowatt\">kW<\/abbr>&nbsp;(Klasse L6e-A) bzw. 6&nbsp;<abbr title=\"Kilowatt\">kW<\/abbr>&nbsp;(Klasse L6e-B) und<\/span><\/li>\n<li><span style=\"color: #ffff00;\">einer Masse in fahrbereitem Zustand &lt; 425&nbsp;<abbr title=\"Kilogramm\">kg<\/abbr>,<\/span><\/li>\n<li><span style=\"color: #ffff00;\">h\u00f6chstens zwei Sitzpl\u00e4tzen einschl. Fahrersitz<\/span><\/li>\n<\/ul>\n\n\n<br><hr><br><div class=\"wp-block-image\"><figure class=\"aligncenter size-large\"><img loading=\"lazy\" decoding=\"async\" width=\"100\" height=\"78\" src=\"https:\/\/fahrschulerink.de\/wp-content\/uploads\/2020\/05\/fahrerlaubnisklasse-a1.jpg\" alt=\"\" class=\"wp-image-387\"><figcaption><span style=\"color:#edff21\" class=\"has-inline-color\">Klasse A1<\/span><\/figcaption><\/figure><\/div>\n\n\n<p><span style=\"color: #ffff00;\"><strong>Kraftr\u00e4der<\/strong>&nbsp;mit<\/span><\/p>\n<ul>\n<li><span style=\"color: #ffff00;\">Hubraum von nicht mehr als 125&nbsp;<abbr title=\"Kubikzentimeter\">cm\u00b3<\/abbr>,<\/span><\/li>\n<li><span style=\"color: #ffff00;\">Motorleistung von nicht mehr als 11&nbsp;<abbr title=\"Kilowatt\">kW<\/abbr>&nbsp;und<\/span><\/li>\n<li><span style=\"color: #ffff00;\">Verh\u00e4ltnis der Leistung zum Gewicht&nbsp;<abbr title=\"maximal\">max.<\/abbr>&nbsp;0,1&nbsp;<abbr title=\"Kilowatt pro Kilogramm\">kW\/kg<\/abbr>,<\/span><\/li>\n<\/ul>\n<p><span style=\"color: #ffff00;\">auch mit Beiwagen.<\/span><\/p>\n<p><\/p>\n<p><span style=\"color: #ffff00;\"><strong>Dreir\u00e4drige Kraftfahrzeuge<\/strong>&nbsp;mit<\/span><\/p>\n<ul>\n<li><span style=\"color: #ffff00;\">symmetrisch angeordneten R\u00e4dern und<\/span><\/li>\n<li><span style=\"color: #ffff00;\">Hubraum von mehr als 50&nbsp;<abbr title=\"Kubikzentimeter\">cm\u00b3<\/abbr>&nbsp;bei Verbrennungsmotoren oder<\/span><\/li>\n<li><span style=\"color: #ffff00;\">bauartbedingter H\u00f6chstgeschwindigkeit von mehr als 45&nbsp;<abbr title=\"Kilometer pro Stunde\">km\/h<\/abbr>&nbsp;und<\/span><\/li>\n<li><span style=\"color: #ffff00;\">Leistung von bis zu 15&nbsp;<abbr title=\"Kilowatt\">kW<\/abbr><\/span><\/li>\n<\/ul>\n\n\n<br><hr><br><div class=\"wp-block-image\"><figure class=\"aligncenter size-large\"><img loading=\"lazy\" decoding=\"async\" width=\"100\" height=\"77\" src=\"https:\/\/fahrschulerink.de\/wp-content\/uploads\/2020\/05\/fahrerlaubnisklasse-a2.jpg\" alt=\"\" class=\"wp-image-388\"><figcaption><span style=\"color:#edff21\" class=\"has-inline-color\">Klasse A2<\/span><\/figcaption><\/figure><\/div>\n\n\n<p><span style=\"color: #ffff00;\"><strong>Kraftr\u00e4der<\/strong>&nbsp;mit<\/span><\/p>\n<ul>\n<li><span style=\"color: #ffff00;\">Motorleistung von nicht mehr als 35&nbsp;<abbr title=\"Kilowatt\">kW<\/abbr>, die nicht von einem Kraftrad mit einer Leistung von \u00fcber 70 kW abgeleitet ist und<\/span><\/li>\n<li><span style=\"color: #ffff00;\">Verh\u00e4ltnis der Leistung zum Gewicht&nbsp;<abbr title=\"maximal\">max.<\/abbr>&nbsp;0,2&nbsp;<abbr title=\"Kilowatt pro Kilogramm\">kW\/kg<\/abbr>,<\/span><\/li>\n<\/ul>\n<p><span style=\"color: #ffff00;\">auch mit Beiwagen.<\/span><\/p>\n\n\n<br><hr><br><div class=\"wp-block-image\"><figure class=\"aligncenter size-large\"><img loading=\"lazy\" decoding=\"async\" width=\"100\" height=\"71\" src=\"https:\/\/fahrschulerink.de\/wp-content\/uploads\/2020\/05\/fahrerlaubnisklasse-a.jpg\" alt=\"\" class=\"wp-image-386\"\/><figcaption><span style=\"color:#edff21\" class=\"has-inline-color\">Klasse A<\/span><\/figcaption><\/figure><\/div>\n\n\n<p><span style=\"color: #ffff00;\"><strong>Kraftr\u00e4der<\/strong>&nbsp;mit<\/span><\/p>\n<ul>\n<li><span style=\"color: #ffff00;\">Hubraum von mehr als 50&nbsp;<abbr title=\"Kubikzentimeter\">cm\u00b3<\/abbr>&nbsp;oder<\/span><\/li>\n<li><span style=\"color: #ffff00;\">bauartbedingter H\u00f6chstgeschwindigkeit von mehr als 45&nbsp;<abbr title=\"Kilometer pro Stunde\">km\/h<\/abbr>,<\/span><\/li>\n<\/ul>\n<p><span style=\"color: #ffff00;\">auch mit Beiwagen.<\/span><\/p>\n<p><span style=\"color: #ffff00;\"><strong>Dreir\u00e4drige Kraftfahrzeuge<\/strong>&nbsp;mit<\/span><\/p>\n<ul>\n<li>\n<p><span style=\"color: #ffff00;\">Leistung von mehr als 15&nbsp;<abbr title=\"Kilowatt\">kW<\/abbr><\/span><\/p>\n<p><span style=\"color: #ffff00;\">oder<\/span><\/p>\n<\/li>\n<li><span style=\"color: #ffff00;\">mit symmetrisch angeordneten R\u00e4dern und<\/span><\/li>\n<li><span style=\"color: #ffff00;\">Hubraum von mehr als 50&nbsp;<abbr title=\"Kubikzentimeter\">cm\u00b3<\/abbr>&nbsp;(bei Verbrennungsmotoren) oder<\/span><\/li>\n<li><span style=\"color: #ffff00;\">bauartbedingter H\u00f6chstgeschwindigkeit von mehr als 45&nbsp;<abbr title=\"Kilometer pro Stunde\">km\/h<\/abbr>&nbsp;und<\/span><\/li>\n<li><span style=\"color: #ffff00;\">Leistung von mehr als 15&nbsp;<abbr title=\"Kilowatt\">kW<\/abbr>.<\/span><\/li>\n<\/ul>\n\n\n<p><\/p>\n","protected":false},"excerpt":{"rendered":"<p>Leichte zweir\u00e4drige Kleinkraftr\u00e4der der Klasse L1e-B (Mopeds) mit bauartbedingter H\u00f6chstgeschwindigkeit bis 45&nbsp;km\/h&nbsp;und einem Verbrennungsmotor mit einem Hubraum von nicht mehr als 50&nbsp;cm\u00b3&nbsp;und einer maximalen Nenndauerleistung im Falle von Elektromotoren oder &hellip;<\/p>\n","protected":false},"author":1,"featured_media":0,"parent":0,"menu_order":0,"comment_status":"closed","ping_status":"closed","template":"","meta":{"footnotes":""},"class_list":["post-361","page","type-page","status-publish","hentry"],"_links":{"self":[{"href":"https:\/\/fahrschulerink.de\/index.php?rest_route=\/wp\/v2\/pages\/361","targetHints":{"allow":["GET"]}}],"collection":[{"href":"https:\/\/fahrschulerink.de\/index.php?rest_route=\/wp\/v2\/pages"}],"about":[{"href":"https:\/\/fahrschulerink.de\/index.php?rest_route=\/wp\/v2\/types\/page"}],"author":[{"embeddable":true,"href":"https:\/\/fahrschulerink.de\/index.php?rest_route=\/wp\/v2\/users\/1"}],"replies":[{"embeddable":true,"href":"https:\/\/fahrschulerink.de\/index.php?rest_route=%2Fwp%2Fv2%2Fcomments&post=361"}],"version-history":[{"count":16,"href":"https:\/\/fahrschulerink.de\/index.php?rest_route=\/wp\/v2\/pages\/361\/revisions"}],"predecessor-version":[{"id":441,"href":"https:\/\/fahrschulerink.de\/index.php?rest_route=\/wp\/v2\/pages\/361\/revisions\/441"}],"wp:attachment":[{"href":"https:\/\/fahrschulerink.de\/index.php?rest_route=%2Fwp%2Fv2%2Fmedia&parent=361"}],"curies":[{"name":"wp","href":"https:\/\/api.w.org\/{rel}","templated":true}]}}