{"id":366,"date":"2020-05-03T13:18:32","date_gmt":"2020-05-03T13:18:32","guid":{"rendered":"http:\/\/fahrschulerink.de\/?page_id=366"},"modified":"2020-05-03T15:02:53","modified_gmt":"2020-05-03T15:02:53","slug":"lkw","status":"publish","type":"page","link":"https:\/\/fahrschulerink.de\/?page_id=366","title":{"rendered":"LKW"},"content":{"rendered":"\n<div class=\"wp-block-image\"><figure class=\"aligncenter size-large\"><img loading=\"lazy\" decoding=\"async\" width=\"100\" height=\"57\" src=\"https:\/\/fahrschulerink.de\/wp-content\/uploads\/2020\/05\/fahrerlaubnisklasse-c1.jpg\" alt=\"\" class=\"wp-image-393\"\/><figcaption><span style=\"color:#edff21\" class=\"has-inline-color\">Klasse C1 Fu\u00dfnote 1<\/span><\/figcaption><\/figure><\/div>\n\n\n<p><span style=\"color: #ffff00;\"><strong>Kraftfahrzeuge<\/strong>&nbsp;(au\u00dfer solche der Klassen AM, A1, A2, A, D1 und D) mit<\/span><\/p>\n<ul>\n<li><span style=\"color: #ffff00;\">mit zul\u00e4ssiger Gesamtmasse von mehr als 3.500&nbsp;<abbr title=\"Kilogramm\">kg<\/abbr>&nbsp;aber nicht mehr als 7.500&nbsp;<abbr title=\"Kilogramm\">kg<\/abbr>&nbsp;und<\/span><\/li>\n<li><span style=\"color: #ffff00;\">gebaut und ausgelegt zur Bef\u00f6rderung von nicht mehr als acht Personen au\u00dfer dem Fahrzeugf\u00fchrer,<\/span><\/li>\n<\/ul>\n<p><span style=\"color: #ffff00;\">auch mit Anh\u00e4nger mit einer zul\u00e4ssigen Gesamtmasse von nicht mehr als 750&nbsp;<abbr title=\"Kilogramm\">kg<\/abbr>.<\/span><\/p>\n\n\n<br><hr><br><div class=\"wp-block-image\"><figure class=\"aligncenter size-large\"><img loading=\"lazy\" decoding=\"async\" width=\"100\" height=\"37\" src=\"https:\/\/fahrschulerink.de\/wp-content\/uploads\/2020\/05\/fahrerlaubnisklasse-c1e.jpg\" alt=\"\" class=\"wp-image-394\"><figcaption><span style=\"color:#edff21\" class=\"has-inline-color\">Klasse C1E Fu\u00dfnote 1<\/span><\/figcaption><\/figure><\/div>\n\n\n<p><span style=\"color: #ffff00;\">Zugfahrzeug der&nbsp;<strong>Klasse B<\/strong>&nbsp;in&nbsp;<strong>Kombination<\/strong>&nbsp;mit<\/span><\/p>\n<ul>\n<li><span style=\"color: #ffff00;\">einem Anh\u00e4nger oder Sattelanh\u00e4nger mit zul\u00e4ssiger Gesamtmasse von mehr 3.500&nbsp;<abbr title=\"Kilogramm\">kg<\/abbr>&nbsp;und<\/span><\/li>\n<li><span style=\"color: #ffff00;\">zul\u00e4ssiger Gesamtmasse der Kombination von nicht mehr als 12.000&nbsp;<abbr title=\"Kilogramm\">kg<\/abbr>.<\/span><\/li>\n<\/ul>\n<hr>\n<p><span style=\"color: #ffff00;\">Zugfahrzeug der&nbsp;<strong>Klasse C1<\/strong>&nbsp;in&nbsp;<strong>Kombination<\/strong>&nbsp;mit<\/span><\/p>\n<ul>\n<li><span style=\"color: #ffff00;\">Anh\u00e4nger oder Sattelanh\u00e4nger mit zul\u00e4ssiger Gesamtmasse von mehr als 750&nbsp;<abbr title=\"Kilogramm\">kg<\/abbr>&nbsp;und<\/span><\/li>\n<li><span style=\"color: #ffff00;\">zul\u00e4ssiger Gesamtmasse der Kombination von nicht mehr als 12.000&nbsp;<abbr title=\"Kilogramm\">kg<\/abbr>.<\/span><\/li>\n<\/ul>\n\n\n<br><hr><br><div class=\"wp-block-image\"><figure class=\"aligncenter size-large\"><img loading=\"lazy\" decoding=\"async\" width=\"100\" height=\"46\" src=\"https:\/\/fahrschulerink.de\/wp-content\/uploads\/2020\/05\/fahrerlaubnisklasse-c.jpg\" alt=\"\" class=\"wp-image-392\"><figcaption><span style=\"color:#edff21\" class=\"has-inline-color\">Klasse C Fu\u00dfnote 1<\/span><\/figcaption><\/figure><\/div>\n\n\n<p><span style=\"color: #ffff00;\"><strong>Kraftfahrzeuge<\/strong>&nbsp;(au\u00dfer solche der Klassen AM, A1, A2, A, D1 und D) mit<\/span><\/p>\n<ul>\n<li><span style=\"color: #ffff00;\">mit zul\u00e4ssiger Gesamtmasse von mehr als 3.500&nbsp;<abbr title=\"Kilogramm\">kg<\/abbr>&nbsp;und<\/span><\/li>\n<li><span style=\"color: #ffff00;\">gebaut und ausgelegt zur Bef\u00f6rderung von nicht mehr als acht Personen au\u00dfer dem Fahrzeugf\u00fchrer,<\/span><\/li>\n<\/ul>\n<p><span style=\"color: #ffff00;\">auch mit Anh\u00e4nger mit einer zul\u00e4ssigen Gesamtmasse von nicht mehr als 750&nbsp;<abbr title=\"Kilogramm\">kg<\/abbr>.<\/span><\/p>\n\n\n<br><hr><br><div class=\"wp-block-image\"><figure class=\"aligncenter size-large is-resized\"><img loading=\"lazy\" decoding=\"async\" src=\"https:\/\/fahrschulerink.de\/wp-content\/uploads\/2020\/05\/fahrerlaubnisklasse-ce.jpg\" alt=\"\" class=\"wp-image-395\" width=\"100\" height=\"35\"><figcaption><span style=\"color:#edff21\" class=\"has-inline-color\">Klasse CE Fu\u00dfnote 1<\/span><\/figcaption><\/figure><\/div>\n\n\n<p><span style=\"color: #ffff00;\">Zugfahrzeug der&nbsp;<strong>Klasse C<\/strong>&nbsp;in&nbsp;<strong>Kombination<\/strong>&nbsp;mit Anh\u00e4nger oder Sattelanh\u00e4nger mit zul\u00e4ssiger Gesamtmasse von mehr als 750&nbsp;<abbr title=\"Kilogramm\">kg<\/abbr>.<\/span><\/p>\n\n<p>\u00a0<\/p>\n<hr \/>\n<p><span style=\"color: #ffff00;\">Fu\u00dfnote 1): Eine Fahrerlaubnis der Klasse C1 berechtigt auch zum F\u00fchren von Fahrzeugen mit einer zul\u00e4ssigen Gesamtmasse von mehr als 3 500 kg, aber nicht mehr als 7 500 kg, und die zur Bef\u00f6rderung von nicht mehr als acht Personen au\u00dfer dem Fahrzeugf\u00fchrer ausgelegt und gebaut sind mit insbesondere folgender, f\u00fcr die Genehmigung der Fahrzeugtypen ma\u00dfgeblicher, besonderer Zweckbestimmung:<\/span><\/p>\n<ol>\n<li><span style=\"color: #ffff00;\">Einsatzfahrzeuge der Feuerwehr,<\/span><\/li>\n<li><span style=\"color: #ffff00;\">Einsatzfahrzeuge der Polizei,<\/span><\/li>\n<li><span style=\"color: #ffff00;\">Einsatzfahrzeuge der nach Landesrecht anerkannten Rettungsdienste,<\/span><\/li>\n<li><span style=\"color: #ffff00;\">Einsatzfahrzeuge des Technischen Hilfswerks,<\/span><\/li>\n<li><span style=\"color: #ffff00;\">Einsatzfahrzeuge sonstiger Einheiten des Katastrophenschutzes,<\/span><\/li>\n<li><span style=\"color: #ffff00;\">Krankenkraftwagen,<\/span><\/li>\n<li><span style=\"color: #ffff00;\">Notarzteinsatz- und Sanit\u00e4tsfahrzeuge,<\/span><\/li>\n<li><span style=\"color: #ffff00;\">Beschussgesch\u00fctzte Fahrzeuge,<\/span><\/li>\n<li><span style=\"color: #ffff00;\">Post, Funk- und Fernmeldefahrzeuge,<\/span><\/li>\n<li><span style=\"color: #ffff00;\">Spezialisierte Verkaufswagen,<\/span><\/li>\n<li><span style=\"color: #ffff00;\">Rollstuhlgerechte Fahrzeuge,<\/span><\/li>\n<li><span style=\"color: #ffff00;\">Leichenwagen und<\/span><\/li>\n<li><span style=\"color: #ffff00;\">Wohnmobile.<\/span><\/li>\n<\/ol>\n<p><span style=\"color: #ffff00;\">Dies gilt f\u00fcr die Fahrerlaubnis der Klassen C1E, C und CE entsprechend.<\/span><\/p>","protected":false},"excerpt":{"rendered":"<p>Kraftfahrzeuge&nbsp;(au\u00dfer solche der Klassen AM, A1, A2, A, D1 und D) mit mit zul\u00e4ssiger Gesamtmasse von mehr als 3.500&nbsp;kg&nbsp;aber nicht mehr als 7.500&nbsp;kg&nbsp;und gebaut und ausgelegt zur Bef\u00f6rderung von nicht &hellip;<\/p>\n","protected":false},"author":1,"featured_media":0,"parent":0,"menu_order":0,"comment_status":"closed","ping_status":"closed","template":"","meta":{"footnotes":""},"class_list":["post-366","page","type-page","status-publish","hentry"],"_links":{"self":[{"href":"https:\/\/fahrschulerink.de\/index.php?rest_route=\/wp\/v2\/pages\/366","targetHints":{"allow":["GET"]}}],"collection":[{"href":"https:\/\/fahrschulerink.de\/index.php?rest_route=\/wp\/v2\/pages"}],"about":[{"href":"https:\/\/fahrschulerink.de\/index.php?rest_route=\/wp\/v2\/types\/page"}],"author":[{"embeddable":true,"href":"https:\/\/fahrschulerink.de\/index.php?rest_route=\/wp\/v2\/users\/1"}],"replies":[{"embeddable":true,"href":"https:\/\/fahrschulerink.de\/index.php?rest_route=%2Fwp%2Fv2%2Fcomments&post=366"}],"version-history":[{"count":8,"href":"https:\/\/fahrschulerink.de\/index.php?rest_route=\/wp\/v2\/pages\/366\/revisions"}],"predecessor-version":[{"id":433,"href":"https:\/\/fahrschulerink.de\/index.php?rest_route=\/wp\/v2\/pages\/366\/revisions\/433"}],"wp:attachment":[{"href":"https:\/\/fahrschulerink.de\/index.php?rest_route=%2Fwp%2Fv2%2Fmedia&parent=366"}],"curies":[{"name":"wp","href":"https:\/\/api.w.org\/{rel}","templated":true}]}}