{"id":368,"date":"2020-05-03T13:18:52","date_gmt":"2020-05-03T13:18:52","guid":{"rendered":"http:\/\/fahrschulerink.de\/?page_id=368"},"modified":"2020-05-03T15:00:48","modified_gmt":"2020-05-03T15:00:48","slug":"bus","status":"publish","type":"page","link":"https:\/\/fahrschulerink.de\/?page_id=368","title":{"rendered":"Bus"},"content":{"rendered":"\n<div class=\"wp-block-image\"><figure class=\"aligncenter size-large\"><img loading=\"lazy\" decoding=\"async\" width=\"100\" height=\"57\" src=\"https:\/\/fahrschulerink.de\/wp-content\/uploads\/2020\/05\/fahrerlaubnisklasse-d1.jpg\" alt=\"\" class=\"wp-image-397\"\/><figcaption><span style=\"color:#edff21\" class=\"has-inline-color\">Klasse D1<\/span><\/figcaption><\/figure><\/div>\n\n\n<p><span style=\"color: #ffff00;\"><strong>Kraftfahrzeuge<\/strong>\u00a0(au\u00dfer solche der Klassen AM, A1, A2 und A)<\/span><\/p>\n<ul>\n<li><span style=\"color: #ffff00;\">gebaut und ausgelegt zur Bef\u00f6rderung von nicht mehr als 16 Personen au\u00dfer dem Fahrzeugf\u00fchrer und<\/span><\/li>\n<li><span style=\"color: #ffff00;\">L\u00e4nge nicht mehr als 8\u00a0<abbr title=\"Meter\">m<\/abbr>,<\/span><\/li>\n<\/ul>\n<p><span style=\"color: #ffff00;\">auch mit Anh\u00e4nger mit einer zul\u00e4ssigen Gesamtmasse von nicht mehr als 750\u00a0<abbr title=\"Kilogramm\">kg<\/abbr>.<\/span><\/p>\n<hr \/>\n<p>\u00a0<\/p>\n\n\n<div class=\"wp-block-image\"><figure class=\"aligncenter size-large\"><img loading=\"lazy\" decoding=\"async\" width=\"100\" height=\"38\" src=\"https:\/\/fahrschulerink.de\/wp-content\/uploads\/2020\/05\/fahrerlaubnisklasse-d1e.jpg\" alt=\"\" class=\"wp-image-398\"\/><figcaption><span style=\"color:#eddf21\" class=\"has-inline-color\">Klasse D1E<\/span><\/figcaption><\/figure><\/div>\n\n\n<p><span style=\"color: #ffff00;\">Zugfahrzeug der\u00a0<strong>Klasse D1<\/strong>\u00a0in\u00a0<strong>Kombination<\/strong>\u00a0mit Anh\u00e4nger mit zul\u00e4ssiger Gesamtmasse von mehr als 750\u00a0<abbr title=\"Kilogramm\">kg<\/abbr>.<\/span><\/p>\n<hr \/>\n<p>\u00a0<\/p>\n\n\n<div class=\"wp-block-image\"><figure class=\"aligncenter size-large\"><img loading=\"lazy\" decoding=\"async\" width=\"100\" height=\"43\" src=\"https:\/\/fahrschulerink.de\/wp-content\/uploads\/2020\/05\/fahrerlaubnisklasse-d.jpg\" alt=\"\" class=\"wp-image-396\"\/><figcaption><span style=\"color:#edff21\" class=\"has-inline-color\">Klasse D<\/span><\/figcaption><\/figure><\/div>\n\n\n<p><span style=\"color: #ffff00;\"><strong>Kraftfahrzeuge<\/strong>\u00a0(au\u00dfer solche der Klassen AM, A1, A2 und A), gebaut und ausgelegt zur Bef\u00f6rderung von mehr als acht Personen au\u00dfer dem Fahrzeugf\u00fchrer,<\/span><\/p>\n<p><span style=\"color: #ffff00;\">auch mit Anh\u00e4nger mit einer zul\u00e4ssigen Gesamtmasse von nicht mehr als 750\u00a0<abbr title=\"Kilogramm\">kg<\/abbr>.<\/span><\/p>\n<hr \/>\n<p>\u00a0<\/p>\n\n\n<div class=\"wp-block-image\"><figure class=\"aligncenter size-large\"><img loading=\"lazy\" decoding=\"async\" width=\"100\" height=\"30\" src=\"https:\/\/fahrschulerink.de\/wp-content\/uploads\/2020\/05\/fahrerlaubnisklasse-de.jpg\" alt=\"\" class=\"wp-image-399\"\/><figcaption><span style=\"color:#edff21\" class=\"has-inline-color\">Klasse DE<\/span><\/figcaption><\/figure><\/div>\n\n\n<p><span style=\"color: #ffff00;\">Zugfahrzeug der\u00a0<strong>Klasse D<\/strong>\u00a0in\u00a0<strong>Kombination<\/strong>\u00a0mit Anh\u00e4nger mit zul\u00e4ssiger Gesamtmasse von mehr als 750\u00a0<abbr title=\"Kilogramm\">kg<\/abbr><\/span><\/p>","protected":false},"excerpt":{"rendered":"<p>Kraftfahrzeuge\u00a0(au\u00dfer solche der Klassen AM, A1, A2 und A) gebaut und ausgelegt zur Bef\u00f6rderung von nicht mehr als 16 Personen au\u00dfer dem Fahrzeugf\u00fchrer und L\u00e4nge nicht mehr als 8\u00a0m, auch &hellip;<\/p>\n","protected":false},"author":1,"featured_media":0,"parent":0,"menu_order":0,"comment_status":"closed","ping_status":"closed","template":"","meta":{"footnotes":""},"class_list":["post-368","page","type-page","status-publish","hentry"],"_links":{"self":[{"href":"https:\/\/fahrschulerink.de\/index.php?rest_route=\/wp\/v2\/pages\/368","targetHints":{"allow":["GET"]}}],"collection":[{"href":"https:\/\/fahrschulerink.de\/index.php?rest_route=\/wp\/v2\/pages"}],"about":[{"href":"https:\/\/fahrschulerink.de\/index.php?rest_route=\/wp\/v2\/types\/page"}],"author":[{"embeddable":true,"href":"https:\/\/fahrschulerink.de\/index.php?rest_route=\/wp\/v2\/users\/1"}],"replies":[{"embeddable":true,"href":"https:\/\/fahrschulerink.de\/index.php?rest_route=%2Fwp%2Fv2%2Fcomments&post=368"}],"version-history":[{"count":3,"href":"https:\/\/fahrschulerink.de\/index.php?rest_route=\/wp\/v2\/pages\/368\/revisions"}],"predecessor-version":[{"id":430,"href":"https:\/\/fahrschulerink.de\/index.php?rest_route=\/wp\/v2\/pages\/368\/revisions\/430"}],"wp:attachment":[{"href":"https:\/\/fahrschulerink.de\/index.php?rest_route=%2Fwp%2Fv2%2Fmedia&parent=368"}],"curies":[{"name":"wp","href":"https:\/\/api.w.org\/{rel}","templated":true}]}}