{"id":449,"date":"2020-05-03T15:22:10","date_gmt":"2020-05-03T15:22:10","guid":{"rendered":"http:\/\/fahrschulerink.de\/?page_id=449"},"modified":"2020-05-16T14:34:56","modified_gmt":"2020-05-16T14:34:56","slug":"punkteabbau-fes","status":"publish","type":"page","link":"https:\/\/fahrschulerink.de\/?page_id=449","title":{"rendered":"Punkteabbau \/ FES"},"content":{"rendered":"\n<h3><span style=\"color:#edff21\" class=\"has-inline-color\">FAHREIGNUNGSSEMINAR FES<\/span> <\/h3><br>\n\n\n\n<p><span style=\"color:#edff21\" class=\"has-inline-color\">Das Fahreignungsseminar ersetzt im Rahmen des neuen Fahreignungs-Bewertungssystems seit 1. Mai 2014 das bisherige Aufbauseminar f\u00fcr punktauff\u00e4llige Kraftfahrer (ASP) und die verkehrspsychologische Beratung. Durch den freiwilligen Besuch eines Fahreignungsseminars (FES) k\u00f6nnen Kraftfahrer Punkte im Fahreignungsregister abbauen. Dabei gilt es folgendes zu beachten:<\/span><\/p>\n\n\n\n<ul class=\"wp-block-list\"><li><span style=\"color:#edff21\" class=\"has-inline-color\">Bei einem Stand von 1 &#8211; 5 Punkten kann einmal innerhalb von 5 Jahren durch den freiwilligen Besuch eines Fahreignungsseminars 1 Punkt abgebaut werden.<\/span><\/li><li><span style=\"color:#edff21\" class=\"has-inline-color\">Bei einem Stand von 6 &#8211; 7 Punkten kann durch den freiwilligen Besuch des Fahreignungsseminars kein Punkt abgebaut werden.<\/span><\/li><li><span style=\"color:#edff21\" class=\"has-inline-color\">Das Fahreignungsseminar wird zun\u00e4chst bei rein freiwilliger Teilnahme in einem Zeitraum von f\u00fcnf Jahren erprobt und wissenschaftlich begleitet.<\/span><\/li><li><span style=\"color:#edff21\" class=\"has-inline-color\">Das Fahreignungsseminar besteht aus einer verkehrsp\u00e4dagogischen Teilma\u00dfnahme und einer verkehrspsychologischen Teilma\u00dfnahme, die aufeinander abgestimmt sind.<\/span><\/li><li><span style=\"color:#edff21\" class=\"has-inline-color\">Der Mindestzeitraum f\u00fcr ein Fahreignungsseminar betr\u00e4gt 22 Tage.<\/span><\/li><\/ul>\n\n\n\n<br><p><strong><span style=\"color:#edff21\" class=\"has-inline-color\">Verkehrsp\u00e4dagogische Teilma\u00dfnahme<\/span><\/strong><\/p>\n\n\n\n<p><span style=\"color:#edff21\" class=\"has-inline-color\">Die verkehrsp\u00e4dagogische Teilma\u00dfnahme wird durch speziell geschulte Fahrlehrer durchgef\u00fchrt. Die Inhalte (u. a. Verkehrsregeln und deren Sinn, Risikoinformationen bei \u00dcberschreitung der Regeln) werden individuell auf die begangenen Verst\u00f6\u00dfe der Teilnehmer zugeschnitten. Au\u00dferdem wird auf ein verbessertes Gefahrenbewusstsein und auf Verhaltensalternativen hingearbeitet. Die Ma\u00dfnahme umfasst zwei Module zu je 90 Minuten und kann als Einzelma\u00dfnahme oder in Gruppen mit bis zu sechs Teilnehmern durchgef\u00fchrt werden. Das zweite Modul darf fr\u00fchestens eine Woche nach dem ersten Modul durchgef\u00fchrt werden.<\/span><\/p>\n\n\n\n<br><p><strong><span style=\"color:#edff21\" class=\"has-inline-color\">Verkehrspsychologische Teilma\u00dfnahme<\/span><\/strong><\/p>\n\n\n\n<p><span style=\"color:#edff21\" class=\"has-inline-color\">Im Rahmen der verkehrspsychologischen Teilma\u00dfnahme werden individuelle Wege zur Ver\u00e4nderung des riskanten Fahrverhaltens aufgezeigt. Diese pers\u00f6nlichen Strategien sollen dann im Alltag erprobt und die damit verbundenen Erfahrungen mit dem Verkehrspsychologen besprochen werden. Die verkehrspsychologischen Teilma\u00dfnahme besteht aus zwei Einzelsitzungen zu je 75 Minuten mit einem besonders geschulten Verkehrspsychologen (Einzelma\u00dfnahme). Damit der Teilnehmer Zeit hat, die neuen Verhaltensweisen zur Ver\u00e4nderung seines riskanten Fahrverhaltens zu erproben, darf die zweite Sitzung fr\u00fchestens drei Wochen nach der ersten Sitzung durchgef\u00fchrt werden.<\/span><\/p>\n","protected":false},"excerpt":{"rendered":"<p>FAHREIGNUNGSSEMINAR FES Das Fahreignungsseminar ersetzt im Rahmen des neuen Fahreignungs-Bewertungssystems seit 1. Mai 2014 das bisherige Aufbauseminar f\u00fcr punktauff\u00e4llige Kraftfahrer (ASP) und die verkehrspsychologische Beratung. Durch den freiwilligen Besuch eines &hellip;<\/p>\n","protected":false},"author":1,"featured_media":0,"parent":0,"menu_order":0,"comment_status":"closed","ping_status":"closed","template":"","meta":{"footnotes":""},"class_list":["post-449","page","type-page","status-publish","hentry"],"_links":{"self":[{"href":"https:\/\/fahrschulerink.de\/index.php?rest_route=\/wp\/v2\/pages\/449","targetHints":{"allow":["GET"]}}],"collection":[{"href":"https:\/\/fahrschulerink.de\/index.php?rest_route=\/wp\/v2\/pages"}],"about":[{"href":"https:\/\/fahrschulerink.de\/index.php?rest_route=\/wp\/v2\/types\/page"}],"author":[{"embeddable":true,"href":"https:\/\/fahrschulerink.de\/index.php?rest_route=\/wp\/v2\/users\/1"}],"replies":[{"embeddable":true,"href":"https:\/\/fahrschulerink.de\/index.php?rest_route=%2Fwp%2Fv2%2Fcomments&post=449"}],"version-history":[{"count":3,"href":"https:\/\/fahrschulerink.de\/index.php?rest_route=\/wp\/v2\/pages\/449\/revisions"}],"predecessor-version":[{"id":498,"href":"https:\/\/fahrschulerink.de\/index.php?rest_route=\/wp\/v2\/pages\/449\/revisions\/498"}],"wp:attachment":[{"href":"https:\/\/fahrschulerink.de\/index.php?rest_route=%2Fwp%2Fv2%2Fmedia&parent=449"}],"curies":[{"name":"wp","href":"https:\/\/api.w.org\/{rel}","templated":true}]}}