{"id":451,"date":"2020-05-03T15:22:52","date_gmt":"2020-05-03T15:22:52","guid":{"rendered":"http:\/\/fahrschulerink.de\/?page_id=451"},"modified":"2020-05-16T14:56:01","modified_gmt":"2020-05-16T14:56:01","slug":"berufskraftfahrer-bkf","status":"publish","type":"page","link":"https:\/\/fahrschulerink.de\/?page_id=451","title":{"rendered":"Berufskraftfahrer \/ BKF"},"content":{"rendered":"\n<h3 class=\"wp-block-heading\"><span style=\"color:#edff21\" class=\"has-inline-color\">Weiterbildung f\u00fcr Berufskraftfahrer<\/span><\/h3>\n\n\n\n<h4 class=\"wp-block-heading\"><span style=\"color:#edff21\" class=\"has-inline-color\">in allen 5 Modulen<\/span><\/h4>\n\n\n\n<br><p><span style=\"color:#edff21\" class=\"has-inline-color\">Das Berufskraftfahrer-Qualifikations-Gesetz (BKrFQG) sieht alle f\u00fcnf Jahre eine Weiterbildung nach der Berufskraftfahrer-Qualifikations-Verordnung vor.<\/span><\/p><br>\n\n\n\n<p><span style=\"color:#edff21\" class=\"has-inline-color\">Um die M\u00f6glichkeit der gewerbsm\u00e4\u00dfigen Nutzung der Fahrerlaubnis aufrecht zu halten (Schl\u00fcsselzahl 95 mit Ablaufdatum in Feld 12), ist es notwendig alle 5 Jahre einen entsprechenden Weiterbildungsumfang nachzuweisen. Andernfalls kann der F\u00fchrerschein nicht mehr gewerblich genutzt werden.<\/span><\/p>\n\n\n\n<p><span style=\"color:#edff21\" class=\"has-inline-color\">Wir bieten regelm\u00e4\u00dfig und flexibel die n\u00f6tigen Weiterbildungen in unserer Fahrschule an.<\/span><\/p>\n\n\n\n<p><span style=\"color:#edff21\" class=\"has-inline-color\">Gern beraten wir Sie pers\u00f6nlich \u2013 nehmen Sie doch einfach unkompliziert Kontakt mit uns auf!<\/span><\/p>\n\n\n\n<p><span style=\"color:#edff21\" class=\"has-inline-color\"><strong><u>Telefonnummer:  0171-4547445<\/u><\/strong><\/span><\/p>\n\n\n\n<p><\/p>\n","protected":false},"excerpt":{"rendered":"<p>Weiterbildung f\u00fcr Berufskraftfahrer in allen 5 Modulen Das Berufskraftfahrer-Qualifikations-Gesetz (BKrFQG) sieht alle f\u00fcnf Jahre eine Weiterbildung nach der Berufskraftfahrer-Qualifikations-Verordnung vor. Um die M\u00f6glichkeit der gewerbsm\u00e4\u00dfigen Nutzung der Fahrerlaubnis aufrecht zu &hellip;<\/p>\n","protected":false},"author":1,"featured_media":0,"parent":0,"menu_order":0,"comment_status":"closed","ping_status":"closed","template":"","meta":{"footnotes":""},"class_list":["post-451","page","type-page","status-publish","hentry"],"_links":{"self":[{"href":"https:\/\/fahrschulerink.de\/index.php?rest_route=\/wp\/v2\/pages\/451","targetHints":{"allow":["GET"]}}],"collection":[{"href":"https:\/\/fahrschulerink.de\/index.php?rest_route=\/wp\/v2\/pages"}],"about":[{"href":"https:\/\/fahrschulerink.de\/index.php?rest_route=\/wp\/v2\/types\/page"}],"author":[{"embeddable":true,"href":"https:\/\/fahrschulerink.de\/index.php?rest_route=\/wp\/v2\/users\/1"}],"replies":[{"embeddable":true,"href":"https:\/\/fahrschulerink.de\/index.php?rest_route=%2Fwp%2Fv2%2Fcomments&post=451"}],"version-history":[{"count":4,"href":"https:\/\/fahrschulerink.de\/index.php?rest_route=\/wp\/v2\/pages\/451\/revisions"}],"predecessor-version":[{"id":506,"href":"https:\/\/fahrschulerink.de\/index.php?rest_route=\/wp\/v2\/pages\/451\/revisions\/506"}],"wp:attachment":[{"href":"https:\/\/fahrschulerink.de\/index.php?rest_route=%2Fwp%2Fv2%2Fmedia&parent=451"}],"curies":[{"name":"wp","href":"https:\/\/api.w.org\/{rel}","templated":true}]}}